{"id":3341,"date":"2024-11-02T11:49:09","date_gmt":"2024-11-02T11:49:09","guid":{"rendered":"https:\/\/ep-arms.de\/consulting\/"},"modified":"2024-12-21T10:21:04","modified_gmt":"2024-12-21T10:21:04","slug":"consulting","status":"publish","type":"page","link":"https:\/\/ep-arms.de\/en\/consulting\/","title":{"rendered":"Consulting"},"content":{"rendered":"\t\t<div data-elementor-type=\"wp-page\" data-elementor-id=\"3341\" class=\"elementor elementor-3341 elementor-804\" data-elementor-post-type=\"page\">\n\t\t\t\t<div class=\"e-con-top elementor-element elementor-element-413eabc e-flex e-con-boxed e-con e-parent\" data-id=\"413eabc\" data-element_type=\"container\" data-e-type=\"container\">\n\t\t\t\t\t<div class=\"e-con-inner\">\n\t\t<div class=\"elementor-element elementor-element-e356759 e-con-full e-flex e-con e-child\" data-id=\"e356759\" data-element_type=\"container\" data-e-type=\"container\">\n\t\t\t\t<div class=\"elementor-element elementor-element-f0c176a elementor-widget elementor-widget-heading\" data-id=\"f0c176a\" data-element_type=\"widget\" data-e-type=\"widget\" data-widget_type=\"heading.default\">\n\t\t\t\t<div class=\"elementor-widget-container\">\n\t\t\t\t\t<div class=\"elementor-heading-title elementor-size-default\">Consulting<\/div>\t\t\t\t<\/div>\n\t\t\t\t<\/div>\n\t\t\t\t<div class=\"elementor-element elementor-element-71f210c animated-fast elementor-invisible elementor-widget elementor-widget-heading\" data-id=\"71f210c\" data-element_type=\"widget\" data-e-type=\"widget\" data-settings=\"{&quot;_animation&quot;:&quot;fadeInUp&quot;}\" data-widget_type=\"heading.default\">\n\t\t\t\t<div class=\"elementor-widget-container\">\n\t\t\t\t\t<h1 class=\"elementor-heading-title elementor-size-default\">Individual advice for your perfect equipment<\/h1>\t\t\t\t<\/div>\n\t\t\t\t<\/div>\n\t\t\t\t<\/div>\n\t\t\t\t\t<\/div>\n\t\t\t\t<\/div>\n\t\t<div class=\"e-con-top elementor-element elementor-element-b74a681 e-flex e-con-boxed e-con e-parent\" data-id=\"b74a681\" data-element_type=\"container\" data-e-type=\"container\">\n\t\t\t\t\t<div class=\"e-con-inner\">\n\t\t<div class=\"rey-lazyBg elementor-element elementor-element-3198b64 e-flex e-con-boxed e-con e-child\" data-id=\"3198b64\" data-element_type=\"container\" data-e-type=\"container\" data-settings=\"{&quot;background_background&quot;:&quot;classic&quot;}\">\n\t\t\t\t\t<div class=\"e-con-inner\">\n\t\t\t\t\t<\/div>\n\t\t\t\t<\/div>\n\t\t\t\t\t<\/div>\n\t\t\t\t<\/div>\n\t\t<div class=\"e-con-top elementor-element elementor-element-1293d9b e-flex e-con-boxed e-con e-parent\" data-id=\"1293d9b\" data-element_type=\"container\" data-e-type=\"container\">\n\t\t\t\t\t<div class=\"e-con-inner\">\n\t\t<div class=\"elementor-element elementor-element-0d777ab e-con-full e-flex e-con e-child\" data-id=\"0d777ab\" data-element_type=\"container\" data-e-type=\"container\">\n\t\t\t\t<div class=\"elementor-element elementor-element-5f4602b animated-fast elementor-invisible elementor-widget elementor-widget-heading\" data-id=\"5f4602b\" data-element_type=\"widget\" data-e-type=\"widget\" data-settings=\"{&quot;_animation&quot;:&quot;fadeInUp&quot;}\" data-widget_type=\"heading.default\">\n\t\t\t\t<div class=\"elementor-widget-container\">\n\t\t\t\t\t<h3 class=\"elementor-heading-title elementor-size-default\">Achieve your goals with us.<\/h3>\t\t\t\t<\/div>\n\t\t\t\t<\/div>\n\t\t\t\t<div class=\"elementor-element elementor-element-c942546 u-last-p-margin elementor-widget elementor-widget-text-editor\" data-id=\"c942546\" data-element_type=\"widget\" data-e-type=\"widget\" data-widget_type=\"text-editor.default\">\n\t\t\t\t<div class=\"elementor-widget-container\">\n\t\t\t\t\t\t\t\t\t<p>Are you a professional or passionate hunter? Which game species do you mainly hunt for? Do you take part in group hunts or do you go stalking alone? Do you hunt a lot in the evening or at night? These are all questions that we can answer reliably, down to the last detail and taking into account your specific wishes and needs. <\/p>\n\t\t\t\t\t\t\t\t<\/div>\n\t\t\t\t<\/div>\n\t\t\t\t<\/div>\n\t\t\t\t\t<\/div>\n\t\t\t\t<\/div>\n\t\t<div class=\"e-con-top elementor-element elementor-element-87ada94 e-con-full e-flex e-con e-child\" data-id=\"87ada94\" data-element_type=\"container\" data-e-type=\"container\">\n\t\t<div class=\"elementor-element elementor-element-b6f42c8 e-con-full e-flex e-con e-child\" data-id=\"b6f42c8\" data-element_type=\"container\" data-e-type=\"container\" data-settings=\"{&quot;background_background&quot;:&quot;classic&quot;}\">\n\t\t\t\t<div class=\"elementor-element elementor-element-b9fe8fe animated-fast elementor-invisible elementor-widget elementor-widget-heading\" data-id=\"b9fe8fe\" data-element_type=\"widget\" data-e-type=\"widget\" data-settings=\"{&quot;_animation&quot;:&quot;fadeInUp&quot;}\" data-widget_type=\"heading.default\">\n\t\t\t\t<div class=\"elementor-widget-container\">\n\t\t\t\t\t<h2 class=\"elementor-heading-title elementor-size-default\">Your consultation appointment<\/h2>\t\t\t\t<\/div>\n\t\t\t\t<\/div>\n\t\t\t\t<div class=\"elementor-element elementor-element-c3fd561 elementor-widget elementor-widget-text-editor\" data-id=\"c3fd561\" data-element_type=\"widget\" data-e-type=\"widget\" data-widget_type=\"text-editor.default\">\n\t\t\t\t<div class=\"elementor-widget-container\">\n\t\t\t\t\t\t\t\t\t<p>Arrange a consultation appointment with us and feel free to bring your existing equipment to our premises for testing!<\/p>\n<p>Based on the analysis of possible weak points, we can tell you where there is potential for improvement, what is feasible for your particular requirements and how we can explore the limits of technical feasibility for you, even for very special requests.<\/p>\n<p>With the choice of first-class materials &#8211; high-strength aluminum and corrosion-free stainless steel &#8211; high-quality workmanship and easy handling during cleaning and dismantling, we are sure to have the perfect addition to your existing equipment. <\/p>\n\t\t\t\t\t\t\t\t<\/div>\n\t\t\t\t<\/div>\n\t\t\t\t<div class=\"elementor-element elementor-element-d5f20a8 elementor-button-secondary elementor-widget elementor-widget-button\" data-id=\"d5f20a8\" data-element_type=\"widget\" data-e-type=\"widget\" data-widget_type=\"button.default\">\n\t\t\t\t<div class=\"elementor-widget-container\">\n\t\t\t\t\t\t\t\t\t<div class=\"elementor-button-wrapper\">\n\t\t\t\t\t<a class=\"elementor-button elementor-button-link elementor-size-sm\" href=\"https:\/\/ep-arms.de\/kontakt\/\">\n\t\t\t\t\t\t<span class=\"elementor-button-content-wrapper\">\n\t\t\t\t\t\t\t\t\t<span class=\"elementor-button-text\">Contact us now<\/span>\n\t\t\t\t\t<\/span>\n\t\t\t\t\t<\/a>\n\t\t\t\t<\/div>\n\t\t\t\t\t\t\t\t<\/div>\n\t\t\t\t<\/div>\n\t\t\t\t<\/div>\n\t\t<div class=\"elementor-element elementor-element-88eb991 e-con-full e-flex e-con e-child\" data-id=\"88eb991\" data-element_type=\"container\" data-e-type=\"container\">\n\t\t\t\t<div class=\"elementor-element elementor-element-ed9e61b elementor-widget elementor-widget-image\" data-id=\"ed9e61b\" data-element_type=\"widget\" data-e-type=\"widget\" data-widget_type=\"image.default\">\n\t\t\t\t<div class=\"elementor-widget-container\">\n\t\t\t\t\t\t\t\t\t\t\t\t\t\t\t<img fetchpriority=\"high\" decoding=\"async\" width=\"1536\" height=\"1024\" src=\"https:\/\/ep-arms.de\/wp-content\/uploads\/2024\/11\/JAN0475-1536x1024.jpg\" class=\"attachment-1536x1536 size-1536x1536 wp-image-1895\" alt=\"EP-Arms Team\" srcset=\"https:\/\/ep-arms.de\/wp-content\/uploads\/2024\/11\/JAN0475-1536x1024.jpg 1536w, https:\/\/ep-arms.de\/wp-content\/uploads\/2024\/11\/JAN0475-300x200.jpg 300w, https:\/\/ep-arms.de\/wp-content\/uploads\/2024\/11\/JAN0475-1024x683.jpg 1024w, https:\/\/ep-arms.de\/wp-content\/uploads\/2024\/11\/JAN0475-768x512.jpg 768w, https:\/\/ep-arms.de\/wp-content\/uploads\/2024\/11\/JAN0475-2048x1365.jpg 2048w, https:\/\/ep-arms.de\/wp-content\/uploads\/2024\/11\/JAN0475-1200x800.jpg 1200w\" sizes=\"(max-width: 1536px) 100vw, 1536px\" \/>\t\t\t\t\t\t\t\t\t\t\t\t\t\t\t<\/div>\n\t\t\t\t<\/div>\n\t\t\t\t<\/div>\n\t\t\t\t<\/div>\n\t\t\t\t<\/div>\n\t\t","protected":false},"excerpt":{"rendered":"<p>Consulting Individual advice for your perfect equipment Achieve your goals with us. Are you a professional or passionate hunter? Which game species do you mainly hunt for? Do you take part in group hunts or do you go stalking alone? Do you hunt a lot in the evening or at night? These are all questions [&hellip;]<\/p>\n","protected":false},"author":1,"featured_media":0,"parent":0,"menu_order":0,"comment_status":"closed","ping_status":"closed","template":"template-builder.php","meta":{"_acf_changed":false,"footnotes":""},"class_list":["post-3341","page","type-page","status-publish","hentry"],"acf":[],"yoast_head":"<!-- This site is optimized with the Yoast SEO plugin v27.5 - https:\/\/yoast.com\/product\/yoast-seo-wordpress\/ -->\n<title>Consulting - EP-Arms<\/title>\n<meta name=\"description\" content=\"Individual advice for hunters: We check your equipment, analyze weak points and offer tailor-made solutions for optimum hunting results.\" \/>\n<meta name=\"robots\" content=\"index, follow, max-snippet:-1, max-image-preview:large, max-video-preview:-1\" \/>\n<link rel=\"canonical\" href=\"https:\/\/ep-arms.de\/en\/consulting\/\" \/>\n<meta property=\"og:locale\" content=\"en_US\" \/>\n<meta property=\"og:type\" content=\"article\" \/>\n<meta property=\"og:title\" content=\"Consulting - EP-Arms\" \/>\n<meta property=\"og:description\" content=\"Individual advice for hunters: We check your equipment, analyze weak points and offer tailor-made solutions for optimum hunting results.\" \/>\n<meta property=\"og:url\" content=\"https:\/\/ep-arms.de\/en\/consulting\/\" \/>\n<meta property=\"og:site_name\" content=\"EP-Arms\" \/>\n<meta property=\"article:publisher\" content=\"https:\/\/www.facebook.com\/EPARMS\" \/>\n<meta property=\"article:modified_time\" content=\"2024-12-21T10:21:04+00:00\" \/>\n<meta property=\"og:image\" content=\"https:\/\/ep-arms.de\/wp-content\/uploads\/2024\/11\/JAN0475-scaled.jpg\" \/>\n\t<meta property=\"og:image:width\" content=\"2560\" \/>\n\t<meta property=\"og:image:height\" content=\"1707\" \/>\n\t<meta property=\"og:image:type\" content=\"image\/jpeg\" \/>\n<meta name=\"twitter:card\" content=\"summary_large_image\" \/>\n<meta name=\"twitter:label1\" content=\"Est. reading time\" \/>\n\t<meta name=\"twitter:data1\" content=\"1 minute\" \/>\n<script type=\"application\/ld+json\" class=\"yoast-schema-graph\">{\"@context\":\"https:\\\/\\\/schema.org\",\"@graph\":[{\"@type\":\"WebPage\",\"@id\":\"https:\\\/\\\/ep-arms.de\\\/en\\\/consulting\\\/\",\"url\":\"https:\\\/\\\/ep-arms.de\\\/en\\\/consulting\\\/\",\"name\":\"Consulting - EP-Arms\",\"isPartOf\":{\"@id\":\"https:\\\/\\\/ep-arms.de\\\/en\\\/#website\"},\"primaryImageOfPage\":{\"@id\":\"https:\\\/\\\/ep-arms.de\\\/en\\\/consulting\\\/#primaryimage\"},\"image\":{\"@id\":\"https:\\\/\\\/ep-arms.de\\\/en\\\/consulting\\\/#primaryimage\"},\"thumbnailUrl\":\"https:\\\/\\\/ep-arms.de\\\/wp-content\\\/uploads\\\/2024\\\/11\\\/JAN0475-1536x1024.jpg\",\"datePublished\":\"2024-11-02T11:49:09+00:00\",\"dateModified\":\"2024-12-21T10:21:04+00:00\",\"description\":\"Individual advice for hunters: We check your equipment, analyze weak points and offer tailor-made solutions for optimum hunting results.\",\"breadcrumb\":{\"@id\":\"https:\\\/\\\/ep-arms.de\\\/en\\\/consulting\\\/#breadcrumb\"},\"inLanguage\":\"en-US\",\"potentialAction\":[{\"@type\":\"ReadAction\",\"target\":[\"https:\\\/\\\/ep-arms.de\\\/en\\\/consulting\\\/\"]}]},{\"@type\":\"ImageObject\",\"inLanguage\":\"en-US\",\"@id\":\"https:\\\/\\\/ep-arms.de\\\/en\\\/consulting\\\/#primaryimage\",\"url\":\"https:\\\/\\\/ep-arms.de\\\/wp-content\\\/uploads\\\/2024\\\/11\\\/JAN0475-1536x1024.jpg\",\"contentUrl\":\"https:\\\/\\\/ep-arms.de\\\/wp-content\\\/uploads\\\/2024\\\/11\\\/JAN0475-1536x1024.jpg\"},{\"@type\":\"BreadcrumbList\",\"@id\":\"https:\\\/\\\/ep-arms.de\\\/en\\\/consulting\\\/#breadcrumb\",\"itemListElement\":[{\"@type\":\"ListItem\",\"position\":1,\"name\":\"Startseite\",\"item\":\"https:\\\/\\\/ep-arms.de\\\/en\\\/\"},{\"@type\":\"ListItem\",\"position\":2,\"name\":\"Consulting\"}]},{\"@type\":\"WebSite\",\"@id\":\"https:\\\/\\\/ep-arms.de\\\/en\\\/#website\",\"url\":\"https:\\\/\\\/ep-arms.de\\\/en\\\/\",\"name\":\"EP-Arms\",\"description\":\"Ihr Partner f\u00fcr Outdoorbekleidung, Jagd- und Schie\u00dfsportausr\u00fcstung\",\"publisher\":{\"@id\":\"https:\\\/\\\/ep-arms.de\\\/en\\\/#organization\"},\"potentialAction\":[{\"@type\":\"SearchAction\",\"target\":{\"@type\":\"EntryPoint\",\"urlTemplate\":\"https:\\\/\\\/ep-arms.de\\\/en\\\/?s={search_term_string}\"},\"query-input\":{\"@type\":\"PropertyValueSpecification\",\"valueRequired\":true,\"valueName\":\"search_term_string\"}}],\"inLanguage\":\"en-US\"},{\"@type\":\"Organization\",\"@id\":\"https:\\\/\\\/ep-arms.de\\\/en\\\/#organization\",\"name\":\"EP-Arms\",\"url\":\"https:\\\/\\\/ep-arms.de\\\/en\\\/\",\"logo\":{\"@type\":\"ImageObject\",\"inLanguage\":\"en-US\",\"@id\":\"https:\\\/\\\/ep-arms.de\\\/en\\\/#\\\/schema\\\/logo\\\/image\\\/\",\"url\":\"https:\\\/\\\/ep-arms.de\\\/wp-content\\\/uploads\\\/2024\\\/11\\\/Logo_schwarz_EP-Arms_Engel_DR-e1730543006192.png\",\"contentUrl\":\"https:\\\/\\\/ep-arms.de\\\/wp-content\\\/uploads\\\/2024\\\/11\\\/Logo_schwarz_EP-Arms_Engel_DR-e1730543006192.png\",\"width\":400,\"height\":283,\"caption\":\"EP-Arms\"},\"image\":{\"@id\":\"https:\\\/\\\/ep-arms.de\\\/en\\\/#\\\/schema\\\/logo\\\/image\\\/\"},\"sameAs\":[\"https:\\\/\\\/www.facebook.com\\\/EPARMS\",\"https:\\\/\\\/www.instagram.com\\\/ep.arms\\\/\",\"https:\\\/\\\/www.youtube.com\\\/channel\\\/UCgwvfLYgEVsDtu48etWURhg\"]}]}<\/script>\n<!-- \/ Yoast SEO plugin. -->","yoast_head_json":{"title":"Consulting - EP-Arms","description":"Individual advice for hunters: We check your equipment, analyze weak points and offer tailor-made solutions for optimum hunting results.","robots":{"index":"index","follow":"follow","max-snippet":"max-snippet:-1","max-image-preview":"max-image-preview:large","max-video-preview":"max-video-preview:-1"},"canonical":"https:\/\/ep-arms.de\/en\/consulting\/","og_locale":"en_US","og_type":"article","og_title":"Consulting - EP-Arms","og_description":"Individual advice for hunters: We check your equipment, analyze weak points and offer tailor-made solutions for optimum hunting results.","og_url":"https:\/\/ep-arms.de\/en\/consulting\/","og_site_name":"EP-Arms","article_publisher":"https:\/\/www.facebook.com\/EPARMS","article_modified_time":"2024-12-21T10:21:04+00:00","og_image":[{"width":2560,"height":1707,"url":"https:\/\/ep-arms.de\/wp-content\/uploads\/2024\/11\/JAN0475-scaled.jpg","type":"image\/jpeg"}],"twitter_card":"summary_large_image","twitter_misc":{"Est. reading time":"1 minute"},"schema":{"@context":"https:\/\/schema.org","@graph":[{"@type":"WebPage","@id":"https:\/\/ep-arms.de\/en\/consulting\/","url":"https:\/\/ep-arms.de\/en\/consulting\/","name":"Consulting - EP-Arms","isPartOf":{"@id":"https:\/\/ep-arms.de\/en\/#website"},"primaryImageOfPage":{"@id":"https:\/\/ep-arms.de\/en\/consulting\/#primaryimage"},"image":{"@id":"https:\/\/ep-arms.de\/en\/consulting\/#primaryimage"},"thumbnailUrl":"https:\/\/ep-arms.de\/wp-content\/uploads\/2024\/11\/JAN0475-1536x1024.jpg","datePublished":"2024-11-02T11:49:09+00:00","dateModified":"2024-12-21T10:21:04+00:00","description":"Individual advice for hunters: We check your equipment, analyze weak points and offer tailor-made solutions for optimum hunting results.","breadcrumb":{"@id":"https:\/\/ep-arms.de\/en\/consulting\/#breadcrumb"},"inLanguage":"en-US","potentialAction":[{"@type":"ReadAction","target":["https:\/\/ep-arms.de\/en\/consulting\/"]}]},{"@type":"ImageObject","inLanguage":"en-US","@id":"https:\/\/ep-arms.de\/en\/consulting\/#primaryimage","url":"https:\/\/ep-arms.de\/wp-content\/uploads\/2024\/11\/JAN0475-1536x1024.jpg","contentUrl":"https:\/\/ep-arms.de\/wp-content\/uploads\/2024\/11\/JAN0475-1536x1024.jpg"},{"@type":"BreadcrumbList","@id":"https:\/\/ep-arms.de\/en\/consulting\/#breadcrumb","itemListElement":[{"@type":"ListItem","position":1,"name":"Startseite","item":"https:\/\/ep-arms.de\/en\/"},{"@type":"ListItem","position":2,"name":"Consulting"}]},{"@type":"WebSite","@id":"https:\/\/ep-arms.de\/en\/#website","url":"https:\/\/ep-arms.de\/en\/","name":"EP-Arms","description":"Ihr Partner f\u00fcr Outdoorbekleidung, Jagd- und Schie\u00dfsportausr\u00fcstung","publisher":{"@id":"https:\/\/ep-arms.de\/en\/#organization"},"potentialAction":[{"@type":"SearchAction","target":{"@type":"EntryPoint","urlTemplate":"https:\/\/ep-arms.de\/en\/?s={search_term_string}"},"query-input":{"@type":"PropertyValueSpecification","valueRequired":true,"valueName":"search_term_string"}}],"inLanguage":"en-US"},{"@type":"Organization","@id":"https:\/\/ep-arms.de\/en\/#organization","name":"EP-Arms","url":"https:\/\/ep-arms.de\/en\/","logo":{"@type":"ImageObject","inLanguage":"en-US","@id":"https:\/\/ep-arms.de\/en\/#\/schema\/logo\/image\/","url":"https:\/\/ep-arms.de\/wp-content\/uploads\/2024\/11\/Logo_schwarz_EP-Arms_Engel_DR-e1730543006192.png","contentUrl":"https:\/\/ep-arms.de\/wp-content\/uploads\/2024\/11\/Logo_schwarz_EP-Arms_Engel_DR-e1730543006192.png","width":400,"height":283,"caption":"EP-Arms"},"image":{"@id":"https:\/\/ep-arms.de\/en\/#\/schema\/logo\/image\/"},"sameAs":["https:\/\/www.facebook.com\/EPARMS","https:\/\/www.instagram.com\/ep.arms\/","https:\/\/www.youtube.com\/channel\/UCgwvfLYgEVsDtu48etWURhg"]}]}},"_links":{"self":[{"href":"https:\/\/ep-arms.de\/en\/wp-json\/wp\/v2\/pages\/3341","targetHints":{"allow":["GET"]}}],"collection":[{"href":"https:\/\/ep-arms.de\/en\/wp-json\/wp\/v2\/pages"}],"about":[{"href":"https:\/\/ep-arms.de\/en\/wp-json\/wp\/v2\/types\/page"}],"author":[{"embeddable":true,"href":"https:\/\/ep-arms.de\/en\/wp-json\/wp\/v2\/users\/1"}],"replies":[{"embeddable":true,"href":"https:\/\/ep-arms.de\/en\/wp-json\/wp\/v2\/comments?post=3341"}],"version-history":[{"count":3,"href":"https:\/\/ep-arms.de\/en\/wp-json\/wp\/v2\/pages\/3341\/revisions"}],"predecessor-version":[{"id":3345,"href":"https:\/\/ep-arms.de\/en\/wp-json\/wp\/v2\/pages\/3341\/revisions\/3345"}],"wp:attachment":[{"href":"https:\/\/ep-arms.de\/en\/wp-json\/wp\/v2\/media?parent=3341"}],"curies":[{"name":"wp","href":"https:\/\/api.w.org\/{rel}","templated":true}]}}