{"id":3365,"date":"2024-11-02T11:48:21","date_gmt":"2024-11-02T11:48:21","guid":{"rendered":"https:\/\/ep-arms.de\/demonstrations\/"},"modified":"2024-12-21T10:53:38","modified_gmt":"2024-12-21T10:53:38","slug":"demonstrations","status":"publish","type":"page","link":"https:\/\/ep-arms.de\/en\/demonstrations\/","title":{"rendered":"Demonstrations"},"content":{"rendered":"\t\t<div data-elementor-type=\"wp-page\" data-elementor-id=\"3365\" class=\"elementor elementor-3365 elementor-802\" data-elementor-post-type=\"page\">\n\t\t\t\t<div class=\"e-con-top elementor-element elementor-element-413eabc e-flex e-con-boxed e-con e-parent\" data-id=\"413eabc\" data-element_type=\"container\" data-e-type=\"container\">\n\t\t\t\t\t<div class=\"e-con-inner\">\n\t\t<div class=\"elementor-element elementor-element-e356759 e-con-full e-flex e-con e-child\" data-id=\"e356759\" data-element_type=\"container\" data-e-type=\"container\">\n\t\t\t\t<div class=\"elementor-element elementor-element-f0c176a elementor-widget elementor-widget-heading\" data-id=\"f0c176a\" data-element_type=\"widget\" data-e-type=\"widget\" data-widget_type=\"heading.default\">\n\t\t\t\t<div class=\"elementor-widget-container\">\n\t\t\t\t\t<div class=\"elementor-heading-title elementor-size-default\">Demonstrations<\/div>\t\t\t\t<\/div>\n\t\t\t\t<\/div>\n\t\t\t\t<div class=\"elementor-element elementor-element-71f210c animated-fast elementor-invisible elementor-widget elementor-widget-heading\" data-id=\"71f210c\" data-element_type=\"widget\" data-e-type=\"widget\" data-settings=\"{&quot;_animation&quot;:&quot;fadeInUp&quot;}\" data-widget_type=\"heading.default\">\n\t\t\t\t<div class=\"elementor-widget-container\">\n\t\t\t\t\t<h1 class=\"elementor-heading-title elementor-size-default\">Experience. Test. Convince.  <\/h1>\t\t\t\t<\/div>\n\t\t\t\t<\/div>\n\t\t\t\t<div class=\"elementor-element elementor-element-ef8224c elementor-widget elementor-widget-text-editor\" data-id=\"ef8224c\" data-element_type=\"widget\" data-e-type=\"widget\" data-widget_type=\"text-editor.default\">\n\t\t\t\t<div class=\"elementor-widget-container\">\n\t\t\t\t\t\t\t\t\t<p>Hunters who want to have the best possible equipment at their disposal will want to take every opportunity to try out the various options when putting together their equipment &#8211; types of weapons, their dimensions, ammunition and other important additional components. Only then will they feel fully able to make the best possible decision for their hunting requirements and needs. <\/p>\n\t\t\t\t\t\t\t\t<\/div>\n\t\t\t\t<\/div>\n\t\t\t\t<\/div>\n\t\t\t\t\t<\/div>\n\t\t\t\t<\/div>\n\t\t<div class=\"e-con-top elementor-element elementor-element-b74a681 e-con-full e-flex e-con e-parent\" data-id=\"b74a681\" data-element_type=\"container\" data-e-type=\"container\">\n\t\t<div class=\"rey-lazyBg elementor-element elementor-element-3198b64 e-flex e-con-boxed e-con e-child\" data-id=\"3198b64\" data-element_type=\"container\" data-e-type=\"container\" data-settings=\"{&quot;background_background&quot;:&quot;classic&quot;}\">\n\t\t\t\t\t<div class=\"e-con-inner\">\n\t\t\t\t\t<\/div>\n\t\t\t\t<\/div>\n\t\t\t\t<\/div>\n\t\t<div class=\"e-con-top elementor-element elementor-element-4aa27a7 e-con-full e-flex e-con e-child\" data-id=\"4aa27a7\" data-element_type=\"container\" data-e-type=\"container\">\n\t\t<div class=\"elementor-element elementor-element-b2c20da e-con-full e-flex e-con e-child\" data-id=\"b2c20da\" data-element_type=\"container\" data-e-type=\"container\" data-settings=\"{&quot;background_background&quot;:&quot;classic&quot;}\">\n\t\t\t\t<div class=\"elementor-element elementor-element-2a78a23 animated-fast elementor-invisible elementor-widget elementor-widget-heading\" data-id=\"2a78a23\" data-element_type=\"widget\" data-e-type=\"widget\" data-settings=\"{&quot;_animation&quot;:&quot;fadeInUp&quot;}\" data-widget_type=\"heading.default\">\n\t\t\t\t<div class=\"elementor-widget-container\">\n\t\t\t\t\t<h2 class=\"elementor-heading-title elementor-size-default\">Demonstrations &amp; presentations<\/h2>\t\t\t\t<\/div>\n\t\t\t\t<\/div>\n\t\t\t\t<div class=\"elementor-element elementor-element-28498c5 elementor-widget elementor-widget-text-editor\" data-id=\"28498c5\" data-element_type=\"widget\" data-e-type=\"widget\" data-widget_type=\"text-editor.default\">\n\t\t\t\t<div class=\"elementor-widget-container\">\n\t\t\t\t\t\t\t\t\t<p>We offer our customers and potential new customers ongoing demonstrations of various weapon systems, in particular the use of additional components such as riflescopes, silencers, night vision or thermal imaging technology. On special request, we can also make these available to you on a trial basis &#8211; e.g. over the course of a hunting weekend. <\/p>\n<p>Get in touch with us to arrange a demonstration.<\/p>\n\t\t\t\t\t\t\t\t<\/div>\n\t\t\t\t<\/div>\n\t\t\t\t<div class=\"elementor-element elementor-element-2a962cb elementor-button-secondary elementor-widget elementor-widget-button\" data-id=\"2a962cb\" data-element_type=\"widget\" data-e-type=\"widget\" data-widget_type=\"button.default\">\n\t\t\t\t<div class=\"elementor-widget-container\">\n\t\t\t\t\t\t\t\t\t<div class=\"elementor-button-wrapper\">\n\t\t\t\t\t<a class=\"elementor-button elementor-button-link elementor-size-sm\" href=\"https:\/\/ep-arms.de\/en\/contact\/\">\n\t\t\t\t\t\t<span class=\"elementor-button-content-wrapper\">\n\t\t\t\t\t\t\t\t\t<span class=\"elementor-button-text\">Contact us<\/span>\n\t\t\t\t\t<\/span>\n\t\t\t\t\t<\/a>\n\t\t\t\t<\/div>\n\t\t\t\t\t\t\t\t<\/div>\n\t\t\t\t<\/div>\n\t\t\t\t<\/div>\n\t\t<div class=\"elementor-element elementor-element-5d3e9bc e-con-full e-flex e-con e-child\" data-id=\"5d3e9bc\" data-element_type=\"container\" data-e-type=\"container\">\n\t\t\t\t<div class=\"elementor-element elementor-element-9dd907d elementor-widget elementor-widget-image\" data-id=\"9dd907d\" data-element_type=\"widget\" data-e-type=\"widget\" data-widget_type=\"image.default\">\n\t\t\t\t<div class=\"elementor-widget-container\">\n\t\t\t\t\t\t\t\t\t\t\t\t\t\t\t<img fetchpriority=\"high\" decoding=\"async\" width=\"1536\" height=\"960\" src=\"https:\/\/ep-arms.de\/wp-content\/uploads\/2024\/12\/Zubehoer_BG-1536x960.jpg\" class=\"attachment-1536x1536 size-1536x1536 wp-image-3154\" alt=\"EP-Arms J\u00e4ger schaut durch Fernrohr im Wald\" srcset=\"https:\/\/ep-arms.de\/wp-content\/uploads\/2024\/12\/Zubehoer_BG-1536x960.jpg 1536w, https:\/\/ep-arms.de\/wp-content\/uploads\/2024\/12\/Zubehoer_BG-300x188.jpg 300w, https:\/\/ep-arms.de\/wp-content\/uploads\/2024\/12\/Zubehoer_BG-1024x640.jpg 1024w, https:\/\/ep-arms.de\/wp-content\/uploads\/2024\/12\/Zubehoer_BG-768x480.jpg 768w, https:\/\/ep-arms.de\/wp-content\/uploads\/2024\/12\/Zubehoer_BG-1200x750.jpg 1200w, https:\/\/ep-arms.de\/wp-content\/uploads\/2024\/12\/Zubehoer_BG.jpg 1920w\" sizes=\"(max-width: 1536px) 100vw, 1536px\" \/>\t\t\t\t\t\t\t\t\t\t\t\t\t\t\t<\/div>\n\t\t\t\t<\/div>\n\t\t\t\t<\/div>\n\t\t\t\t<\/div>\n\t\t\t\t<\/div>\n\t\t","protected":false},"excerpt":{"rendered":"<p>Demonstrations Experience. Test. Convince. Hunters who want to have the best possible equipment at their disposal will want to take every opportunity to try out the various options when putting together their equipment &#8211; types of weapons, their dimensions, ammunition and other important additional components. Only then will they feel fully able to make the [&hellip;]<\/p>\n","protected":false},"author":1,"featured_media":0,"parent":0,"menu_order":0,"comment_status":"closed","ping_status":"closed","template":"template-builder.php","meta":{"_acf_changed":false,"footnotes":""},"class_list":["post-3365","page","type-page","status-publish","hentry"],"acf":[],"yoast_head":"<!-- This site is optimized with the Yoast SEO plugin v27.5 - https:\/\/yoast.com\/product\/yoast-seo-wordpress\/ -->\n<title>Demonstrations - EP-Arms<\/title>\n<meta name=\"robots\" content=\"index, follow, max-snippet:-1, max-image-preview:large, max-video-preview:-1\" \/>\n<link rel=\"canonical\" href=\"https:\/\/ep-arms.de\/en\/demonstrations\/\" \/>\n<meta property=\"og:locale\" content=\"en_US\" \/>\n<meta property=\"og:type\" content=\"article\" \/>\n<meta property=\"og:title\" content=\"Demonstrations - EP-Arms\" \/>\n<meta property=\"og:description\" content=\"Demonstrations Experience. Test. Convince. Hunters who want to have the best possible equipment at their disposal will want to take every opportunity to try out the various options when putting together their equipment &#8211; types of weapons, their dimensions, ammunition and other important additional components. Only then will they feel fully able to make the [&hellip;]\" \/>\n<meta property=\"og:url\" content=\"https:\/\/ep-arms.de\/en\/demonstrations\/\" \/>\n<meta property=\"og:site_name\" content=\"EP-Arms\" \/>\n<meta property=\"article:publisher\" content=\"https:\/\/www.facebook.com\/EPARMS\" \/>\n<meta property=\"article:modified_time\" content=\"2024-12-21T10:53:38+00:00\" \/>\n<meta property=\"og:image\" content=\"https:\/\/ep-arms.de\/wp-content\/uploads\/2024\/12\/Zubehoer_BG.jpg\" \/>\n\t<meta property=\"og:image:width\" content=\"1920\" \/>\n\t<meta property=\"og:image:height\" content=\"1200\" \/>\n\t<meta property=\"og:image:type\" content=\"image\/jpeg\" \/>\n<meta name=\"twitter:card\" content=\"summary_large_image\" \/>\n<meta name=\"twitter:label1\" content=\"Est. reading time\" \/>\n\t<meta name=\"twitter:data1\" content=\"1 minute\" \/>\n<script type=\"application\/ld+json\" class=\"yoast-schema-graph\">{\"@context\":\"https:\\\/\\\/schema.org\",\"@graph\":[{\"@type\":\"WebPage\",\"@id\":\"https:\\\/\\\/ep-arms.de\\\/en\\\/demonstrations\\\/\",\"url\":\"https:\\\/\\\/ep-arms.de\\\/en\\\/demonstrations\\\/\",\"name\":\"Demonstrations - EP-Arms\",\"isPartOf\":{\"@id\":\"https:\\\/\\\/ep-arms.de\\\/en\\\/#website\"},\"primaryImageOfPage\":{\"@id\":\"https:\\\/\\\/ep-arms.de\\\/en\\\/demonstrations\\\/#primaryimage\"},\"image\":{\"@id\":\"https:\\\/\\\/ep-arms.de\\\/en\\\/demonstrations\\\/#primaryimage\"},\"thumbnailUrl\":\"https:\\\/\\\/ep-arms.de\\\/wp-content\\\/uploads\\\/2024\\\/12\\\/Zubehoer_BG-1536x960.jpg\",\"datePublished\":\"2024-11-02T11:48:21+00:00\",\"dateModified\":\"2024-12-21T10:53:38+00:00\",\"breadcrumb\":{\"@id\":\"https:\\\/\\\/ep-arms.de\\\/en\\\/demonstrations\\\/#breadcrumb\"},\"inLanguage\":\"en-US\",\"potentialAction\":[{\"@type\":\"ReadAction\",\"target\":[\"https:\\\/\\\/ep-arms.de\\\/en\\\/demonstrations\\\/\"]}]},{\"@type\":\"ImageObject\",\"inLanguage\":\"en-US\",\"@id\":\"https:\\\/\\\/ep-arms.de\\\/en\\\/demonstrations\\\/#primaryimage\",\"url\":\"https:\\\/\\\/ep-arms.de\\\/wp-content\\\/uploads\\\/2024\\\/12\\\/Zubehoer_BG-1536x960.jpg\",\"contentUrl\":\"https:\\\/\\\/ep-arms.de\\\/wp-content\\\/uploads\\\/2024\\\/12\\\/Zubehoer_BG-1536x960.jpg\"},{\"@type\":\"BreadcrumbList\",\"@id\":\"https:\\\/\\\/ep-arms.de\\\/en\\\/demonstrations\\\/#breadcrumb\",\"itemListElement\":[{\"@type\":\"ListItem\",\"position\":1,\"name\":\"Startseite\",\"item\":\"https:\\\/\\\/ep-arms.de\\\/en\\\/\"},{\"@type\":\"ListItem\",\"position\":2,\"name\":\"Demonstrations\"}]},{\"@type\":\"WebSite\",\"@id\":\"https:\\\/\\\/ep-arms.de\\\/en\\\/#website\",\"url\":\"https:\\\/\\\/ep-arms.de\\\/en\\\/\",\"name\":\"EP-Arms\",\"description\":\"Ihr Partner f\u00fcr Outdoorbekleidung, Jagd- und Schie\u00dfsportausr\u00fcstung\",\"publisher\":{\"@id\":\"https:\\\/\\\/ep-arms.de\\\/en\\\/#organization\"},\"potentialAction\":[{\"@type\":\"SearchAction\",\"target\":{\"@type\":\"EntryPoint\",\"urlTemplate\":\"https:\\\/\\\/ep-arms.de\\\/en\\\/?s={search_term_string}\"},\"query-input\":{\"@type\":\"PropertyValueSpecification\",\"valueRequired\":true,\"valueName\":\"search_term_string\"}}],\"inLanguage\":\"en-US\"},{\"@type\":\"Organization\",\"@id\":\"https:\\\/\\\/ep-arms.de\\\/en\\\/#organization\",\"name\":\"EP-Arms\",\"url\":\"https:\\\/\\\/ep-arms.de\\\/en\\\/\",\"logo\":{\"@type\":\"ImageObject\",\"inLanguage\":\"en-US\",\"@id\":\"https:\\\/\\\/ep-arms.de\\\/en\\\/#\\\/schema\\\/logo\\\/image\\\/\",\"url\":\"https:\\\/\\\/ep-arms.de\\\/wp-content\\\/uploads\\\/2024\\\/11\\\/Logo_schwarz_EP-Arms_Engel_DR-e1730543006192.png\",\"contentUrl\":\"https:\\\/\\\/ep-arms.de\\\/wp-content\\\/uploads\\\/2024\\\/11\\\/Logo_schwarz_EP-Arms_Engel_DR-e1730543006192.png\",\"width\":400,\"height\":283,\"caption\":\"EP-Arms\"},\"image\":{\"@id\":\"https:\\\/\\\/ep-arms.de\\\/en\\\/#\\\/schema\\\/logo\\\/image\\\/\"},\"sameAs\":[\"https:\\\/\\\/www.facebook.com\\\/EPARMS\",\"https:\\\/\\\/www.instagram.com\\\/ep.arms\\\/\",\"https:\\\/\\\/www.youtube.com\\\/channel\\\/UCgwvfLYgEVsDtu48etWURhg\"]}]}<\/script>\n<!-- \/ Yoast SEO plugin. -->","yoast_head_json":{"title":"Demonstrations - EP-Arms","robots":{"index":"index","follow":"follow","max-snippet":"max-snippet:-1","max-image-preview":"max-image-preview:large","max-video-preview":"max-video-preview:-1"},"canonical":"https:\/\/ep-arms.de\/en\/demonstrations\/","og_locale":"en_US","og_type":"article","og_title":"Demonstrations - EP-Arms","og_description":"Demonstrations Experience. Test. Convince. Hunters who want to have the best possible equipment at their disposal will want to take every opportunity to try out the various options when putting together their equipment &#8211; types of weapons, their dimensions, ammunition and other important additional components. Only then will they feel fully able to make the [&hellip;]","og_url":"https:\/\/ep-arms.de\/en\/demonstrations\/","og_site_name":"EP-Arms","article_publisher":"https:\/\/www.facebook.com\/EPARMS","article_modified_time":"2024-12-21T10:53:38+00:00","og_image":[{"width":1920,"height":1200,"url":"https:\/\/ep-arms.de\/wp-content\/uploads\/2024\/12\/Zubehoer_BG.jpg","type":"image\/jpeg"}],"twitter_card":"summary_large_image","twitter_misc":{"Est. reading time":"1 minute"},"schema":{"@context":"https:\/\/schema.org","@graph":[{"@type":"WebPage","@id":"https:\/\/ep-arms.de\/en\/demonstrations\/","url":"https:\/\/ep-arms.de\/en\/demonstrations\/","name":"Demonstrations - EP-Arms","isPartOf":{"@id":"https:\/\/ep-arms.de\/en\/#website"},"primaryImageOfPage":{"@id":"https:\/\/ep-arms.de\/en\/demonstrations\/#primaryimage"},"image":{"@id":"https:\/\/ep-arms.de\/en\/demonstrations\/#primaryimage"},"thumbnailUrl":"https:\/\/ep-arms.de\/wp-content\/uploads\/2024\/12\/Zubehoer_BG-1536x960.jpg","datePublished":"2024-11-02T11:48:21+00:00","dateModified":"2024-12-21T10:53:38+00:00","breadcrumb":{"@id":"https:\/\/ep-arms.de\/en\/demonstrations\/#breadcrumb"},"inLanguage":"en-US","potentialAction":[{"@type":"ReadAction","target":["https:\/\/ep-arms.de\/en\/demonstrations\/"]}]},{"@type":"ImageObject","inLanguage":"en-US","@id":"https:\/\/ep-arms.de\/en\/demonstrations\/#primaryimage","url":"https:\/\/ep-arms.de\/wp-content\/uploads\/2024\/12\/Zubehoer_BG-1536x960.jpg","contentUrl":"https:\/\/ep-arms.de\/wp-content\/uploads\/2024\/12\/Zubehoer_BG-1536x960.jpg"},{"@type":"BreadcrumbList","@id":"https:\/\/ep-arms.de\/en\/demonstrations\/#breadcrumb","itemListElement":[{"@type":"ListItem","position":1,"name":"Startseite","item":"https:\/\/ep-arms.de\/en\/"},{"@type":"ListItem","position":2,"name":"Demonstrations"}]},{"@type":"WebSite","@id":"https:\/\/ep-arms.de\/en\/#website","url":"https:\/\/ep-arms.de\/en\/","name":"EP-Arms","description":"Ihr Partner f\u00fcr Outdoorbekleidung, Jagd- und Schie\u00dfsportausr\u00fcstung","publisher":{"@id":"https:\/\/ep-arms.de\/en\/#organization"},"potentialAction":[{"@type":"SearchAction","target":{"@type":"EntryPoint","urlTemplate":"https:\/\/ep-arms.de\/en\/?s={search_term_string}"},"query-input":{"@type":"PropertyValueSpecification","valueRequired":true,"valueName":"search_term_string"}}],"inLanguage":"en-US"},{"@type":"Organization","@id":"https:\/\/ep-arms.de\/en\/#organization","name":"EP-Arms","url":"https:\/\/ep-arms.de\/en\/","logo":{"@type":"ImageObject","inLanguage":"en-US","@id":"https:\/\/ep-arms.de\/en\/#\/schema\/logo\/image\/","url":"https:\/\/ep-arms.de\/wp-content\/uploads\/2024\/11\/Logo_schwarz_EP-Arms_Engel_DR-e1730543006192.png","contentUrl":"https:\/\/ep-arms.de\/wp-content\/uploads\/2024\/11\/Logo_schwarz_EP-Arms_Engel_DR-e1730543006192.png","width":400,"height":283,"caption":"EP-Arms"},"image":{"@id":"https:\/\/ep-arms.de\/en\/#\/schema\/logo\/image\/"},"sameAs":["https:\/\/www.facebook.com\/EPARMS","https:\/\/www.instagram.com\/ep.arms\/","https:\/\/www.youtube.com\/channel\/UCgwvfLYgEVsDtu48etWURhg"]}]}},"_links":{"self":[{"href":"https:\/\/ep-arms.de\/en\/wp-json\/wp\/v2\/pages\/3365","targetHints":{"allow":["GET"]}}],"collection":[{"href":"https:\/\/ep-arms.de\/en\/wp-json\/wp\/v2\/pages"}],"about":[{"href":"https:\/\/ep-arms.de\/en\/wp-json\/wp\/v2\/types\/page"}],"author":[{"embeddable":true,"href":"https:\/\/ep-arms.de\/en\/wp-json\/wp\/v2\/users\/1"}],"replies":[{"embeddable":true,"href":"https:\/\/ep-arms.de\/en\/wp-json\/wp\/v2\/comments?post=3365"}],"version-history":[{"count":1,"href":"https:\/\/ep-arms.de\/en\/wp-json\/wp\/v2\/pages\/3365\/revisions"}],"predecessor-version":[{"id":3366,"href":"https:\/\/ep-arms.de\/en\/wp-json\/wp\/v2\/pages\/3365\/revisions\/3366"}],"wp:attachment":[{"href":"https:\/\/ep-arms.de\/en\/wp-json\/wp\/v2\/media?parent=3365"}],"curies":[{"name":"wp","href":"https:\/\/api.w.org\/{rel}","templated":true}]}}