{"id":431,"date":"2024-10-30T06:21:00","date_gmt":"2024-10-30T06:21:00","guid":{"rendered":"https:\/\/ep-arms.de\/cart\/"},"modified":"2024-12-21T10:55:20","modified_gmt":"2024-12-21T10:55:20","slug":"cart","status":"publish","type":"page","link":"https:\/\/ep-arms.de\/en\/cart\/","title":{"rendered":"Shopping cart"},"content":{"rendered":"\t\t<div data-elementor-type=\"wp-page\" data-elementor-id=\"431\" class=\"elementor elementor-431 elementor-196\" data-elementor-post-type=\"page\">\n\t\t\t\t<div class=\"e-con-top elementor-element elementor-element-47b0baf e-flex e-con-boxed e-con e-parent\" data-id=\"47b0baf\" data-element_type=\"container\" data-e-type=\"container\">\n\t\t\t\t\t<div class=\"e-con-inner\">\n\t\t\t\t<div class=\"elementor-element elementor-element-a3171c0 elementor-widget elementor-widget-reycore-wc-cart\" data-id=\"a3171c0\" data-element_type=\"widget\" data-e-type=\"widget\" data-widget_type=\"reycore-wc-cart.default\">\n\t\t\t\t<div class=\"elementor-widget-container\">\n\t\t\t\t\t\n\t\t<div class=\"woocommerce rey-cartPage --layout-custom  --totals-style-2 --totals-sticky\"> <div class=\"woocommerce-notices-wrapper\"><\/div>\n<div class=\"rey-cartPage rey-emptyCart\">\n\n\t<div class=\"rey-emptyCart-icon\">\n\t\t<svg aria-hidden=\"true\" role=\"img\" id=\"rey-icon-bag-69f54f9d07bc3\" class=\"rey-icon rey-icon-bag \" viewbox=\"0 0 24 24\"><path d=\"M21,3h-4.4C15.8,1.2,14,0,12,0S8.2,1.2,7.4,3H3C2.4,3,2,3.4,2,4v19c0,0.6,0.4,1,1,1h18c0.6,0,1-0.4,1-1V4  C22,3.4,21.6,3,21,3z M12,1c1.5,0,2.8,0.8,3.4,2H8.6C9.2,1.8,10.5,1,12,1z M20,22H4v-4h16V22z M20,17H4V5h3v4h1V5h8v4h1V5h3V17z\"\/><\/svg>\t<\/div>\n\n\t<div class=\"rey-emptyCart-title\">\n\t\t<h2>Your cart is currently empty.<\/h2>\n\t<\/div>\n\n\t<div class=\"rey-emptyCart-content\">\n\n\t\t\t\t\t<p class=\"return-to-shop\">\n\t\t\t\t<a class=\"btn btn-primary wc-backward\" href=\"https:\/\/ep-arms.de\/en\/shop\/\">\n\t\t\t\t\tReturn to shop\t\t\t\t<\/a>\n\t\t\t<\/p>\n\t\t\n\t<\/div>\n<\/div>\n\t\t<\/div>\t\t\t\t<\/div>\n\t\t\t\t<\/div>\n\t\t\t\t\t<\/div>\n\t\t\t\t<\/div>\n\t\t\t\t<\/div>\n\t\t","protected":false},"excerpt":{"rendered":"<p>Produkt Preis Anzahl Zwischensumme RotoClip GWA &#8211; M30x1 Entfernen 87,99&nbsp;&euro; RotoClip GWA &#8211; M30x1 Menge 87,99&nbsp;&euro; Gutschein: \u00dcbernehmen Warenkorb aktualisieren Bist du vielleicht interessiert an&nbsp;&hellip; Edit RotoClip ZFHSTIPP RotoClip ZFHS 181,00&nbsp;&euro; 199,99&nbsp;&euro;Ausf\u00fchrung w\u00e4hlen Dieses Produkt weist mehrere Varianten auf. Die Optionen k\u00f6nnen auf der Produktseite gew\u00e4hlt werden Edit Zentron C50 inkl. GWA-3% OFFSOLD OUT Zentron [&hellip;]<\/p>\n","protected":false},"author":1,"featured_media":0,"parent":0,"menu_order":0,"comment_status":"closed","ping_status":"closed","template":"template-builder.php","meta":{"_acf_changed":false,"footnotes":""},"class_list":["post-431","page","type-page","status-publish","hentry"],"acf":[],"yoast_head":"<!-- This site is optimized with the Yoast SEO plugin v27.5 - https:\/\/yoast.com\/product\/yoast-seo-wordpress\/ -->\n<title>Shopping cart - EP-Arms<\/title>\n<meta name=\"robots\" content=\"index, follow, max-snippet:-1, max-image-preview:large, max-video-preview:-1\" \/>\n<link rel=\"canonical\" href=\"https:\/\/ep-arms.de\/en\/cart\/\" \/>\n<meta property=\"og:locale\" content=\"en_US\" \/>\n<meta property=\"og:type\" content=\"article\" \/>\n<meta property=\"og:title\" content=\"Shopping cart - EP-Arms\" \/>\n<meta property=\"og:description\" content=\"Produkt Preis Anzahl Zwischensumme RotoClip GWA &#8211; M30x1 Entfernen 87,99&nbsp;&euro; RotoClip GWA &#8211; M30x1 Menge 87,99&nbsp;&euro; Gutschein: \u00dcbernehmen Warenkorb aktualisieren Bist du vielleicht interessiert an&nbsp;&hellip; Edit RotoClip ZFHSTIPP RotoClip ZFHS 181,00&nbsp;&euro; 199,99&nbsp;&euro;Ausf\u00fchrung w\u00e4hlen Dieses Produkt weist mehrere Varianten auf. Die Optionen k\u00f6nnen auf der Produktseite gew\u00e4hlt werden Edit Zentron C50 inkl. GWA-3% OFFSOLD OUT Zentron [&hellip;]\" \/>\n<meta property=\"og:url\" content=\"https:\/\/ep-arms.de\/en\/cart\/\" \/>\n<meta property=\"og:site_name\" content=\"EP-Arms\" \/>\n<meta property=\"article:publisher\" content=\"https:\/\/www.facebook.com\/EPARMS\" \/>\n<meta property=\"article:modified_time\" content=\"2024-12-21T10:55:20+00:00\" \/>\n<meta property=\"og:image\" content=\"https:\/\/ep-arms.de\/wp-content\/uploads\/2024\/11\/Rotoclip_GWA-420x420.png\" \/>\n<meta name=\"twitter:card\" content=\"summary_large_image\" \/>\n<meta name=\"twitter:label1\" content=\"Est. reading time\" \/>\n\t<meta name=\"twitter:data1\" content=\"1 minute\" \/>\n<script type=\"application\/ld+json\" class=\"yoast-schema-graph\">{\"@context\":\"https:\\\/\\\/schema.org\",\"@graph\":[{\"@type\":\"WebPage\",\"@id\":\"https:\\\/\\\/ep-arms.de\\\/en\\\/cart\\\/\",\"url\":\"https:\\\/\\\/ep-arms.de\\\/en\\\/cart\\\/\",\"name\":\"Shopping cart - EP-Arms\",\"isPartOf\":{\"@id\":\"https:\\\/\\\/ep-arms.de\\\/en\\\/#website\"},\"primaryImageOfPage\":{\"@id\":\"https:\\\/\\\/ep-arms.de\\\/en\\\/cart\\\/#primaryimage\"},\"image\":{\"@id\":\"https:\\\/\\\/ep-arms.de\\\/en\\\/cart\\\/#primaryimage\"},\"thumbnailUrl\":\"https:\\\/\\\/ep-arms.de\\\/wp-content\\\/uploads\\\/2024\\\/11\\\/Rotoclip_GWA-420x420.png\",\"datePublished\":\"2024-10-30T06:21:00+00:00\",\"dateModified\":\"2024-12-21T10:55:20+00:00\",\"breadcrumb\":{\"@id\":\"https:\\\/\\\/ep-arms.de\\\/en\\\/cart\\\/#breadcrumb\"},\"inLanguage\":\"en-US\",\"potentialAction\":[{\"@type\":\"ReadAction\",\"target\":[\"https:\\\/\\\/ep-arms.de\\\/en\\\/cart\\\/\"]}]},{\"@type\":\"ImageObject\",\"inLanguage\":\"en-US\",\"@id\":\"https:\\\/\\\/ep-arms.de\\\/en\\\/cart\\\/#primaryimage\",\"url\":\"https:\\\/\\\/ep-arms.de\\\/wp-content\\\/uploads\\\/2024\\\/11\\\/Rotoclip_GWA-420x420.png\",\"contentUrl\":\"https:\\\/\\\/ep-arms.de\\\/wp-content\\\/uploads\\\/2024\\\/11\\\/Rotoclip_GWA-420x420.png\"},{\"@type\":\"BreadcrumbList\",\"@id\":\"https:\\\/\\\/ep-arms.de\\\/en\\\/cart\\\/#breadcrumb\",\"itemListElement\":[{\"@type\":\"ListItem\",\"position\":1,\"name\":\"Startseite\",\"item\":\"https:\\\/\\\/ep-arms.de\\\/en\\\/\"},{\"@type\":\"ListItem\",\"position\":2,\"name\":\"Shopping cart\"}]},{\"@type\":\"WebSite\",\"@id\":\"https:\\\/\\\/ep-arms.de\\\/en\\\/#website\",\"url\":\"https:\\\/\\\/ep-arms.de\\\/en\\\/\",\"name\":\"EP-Arms\",\"description\":\"Ihr Partner f\u00fcr Outdoorbekleidung, Jagd- und Schie\u00dfsportausr\u00fcstung\",\"publisher\":{\"@id\":\"https:\\\/\\\/ep-arms.de\\\/en\\\/#organization\"},\"potentialAction\":[{\"@type\":\"SearchAction\",\"target\":{\"@type\":\"EntryPoint\",\"urlTemplate\":\"https:\\\/\\\/ep-arms.de\\\/en\\\/?s={search_term_string}\"},\"query-input\":{\"@type\":\"PropertyValueSpecification\",\"valueRequired\":true,\"valueName\":\"search_term_string\"}}],\"inLanguage\":\"en-US\"},{\"@type\":\"Organization\",\"@id\":\"https:\\\/\\\/ep-arms.de\\\/en\\\/#organization\",\"name\":\"EP-Arms\",\"url\":\"https:\\\/\\\/ep-arms.de\\\/en\\\/\",\"logo\":{\"@type\":\"ImageObject\",\"inLanguage\":\"en-US\",\"@id\":\"https:\\\/\\\/ep-arms.de\\\/en\\\/#\\\/schema\\\/logo\\\/image\\\/\",\"url\":\"https:\\\/\\\/ep-arms.de\\\/wp-content\\\/uploads\\\/2024\\\/11\\\/Logo_schwarz_EP-Arms_Engel_DR-e1730543006192.png\",\"contentUrl\":\"https:\\\/\\\/ep-arms.de\\\/wp-content\\\/uploads\\\/2024\\\/11\\\/Logo_schwarz_EP-Arms_Engel_DR-e1730543006192.png\",\"width\":400,\"height\":283,\"caption\":\"EP-Arms\"},\"image\":{\"@id\":\"https:\\\/\\\/ep-arms.de\\\/en\\\/#\\\/schema\\\/logo\\\/image\\\/\"},\"sameAs\":[\"https:\\\/\\\/www.facebook.com\\\/EPARMS\",\"https:\\\/\\\/www.instagram.com\\\/ep.arms\\\/\",\"https:\\\/\\\/www.youtube.com\\\/channel\\\/UCgwvfLYgEVsDtu48etWURhg\"]}]}<\/script>\n<!-- \/ Yoast SEO plugin. -->","yoast_head_json":{"title":"Shopping cart - EP-Arms","robots":{"index":"index","follow":"follow","max-snippet":"max-snippet:-1","max-image-preview":"max-image-preview:large","max-video-preview":"max-video-preview:-1"},"canonical":"https:\/\/ep-arms.de\/en\/cart\/","og_locale":"en_US","og_type":"article","og_title":"Shopping cart - EP-Arms","og_description":"Produkt Preis Anzahl Zwischensumme RotoClip GWA &#8211; M30x1 Entfernen 87,99&nbsp;&euro; RotoClip GWA &#8211; M30x1 Menge 87,99&nbsp;&euro; Gutschein: \u00dcbernehmen Warenkorb aktualisieren Bist du vielleicht interessiert an&nbsp;&hellip; Edit RotoClip ZFHSTIPP RotoClip ZFHS 181,00&nbsp;&euro; 199,99&nbsp;&euro;Ausf\u00fchrung w\u00e4hlen Dieses Produkt weist mehrere Varianten auf. Die Optionen k\u00f6nnen auf der Produktseite gew\u00e4hlt werden Edit Zentron C50 inkl. GWA-3% OFFSOLD OUT Zentron [&hellip;]","og_url":"https:\/\/ep-arms.de\/en\/cart\/","og_site_name":"EP-Arms","article_publisher":"https:\/\/www.facebook.com\/EPARMS","article_modified_time":"2024-12-21T10:55:20+00:00","og_image":[{"url":"https:\/\/ep-arms.de\/wp-content\/uploads\/2024\/11\/Rotoclip_GWA-420x420.png","type":"","width":"","height":""}],"twitter_card":"summary_large_image","twitter_misc":{"Est. reading time":"1 minute"},"schema":{"@context":"https:\/\/schema.org","@graph":[{"@type":"WebPage","@id":"https:\/\/ep-arms.de\/en\/cart\/","url":"https:\/\/ep-arms.de\/en\/cart\/","name":"Shopping cart - EP-Arms","isPartOf":{"@id":"https:\/\/ep-arms.de\/en\/#website"},"primaryImageOfPage":{"@id":"https:\/\/ep-arms.de\/en\/cart\/#primaryimage"},"image":{"@id":"https:\/\/ep-arms.de\/en\/cart\/#primaryimage"},"thumbnailUrl":"https:\/\/ep-arms.de\/wp-content\/uploads\/2024\/11\/Rotoclip_GWA-420x420.png","datePublished":"2024-10-30T06:21:00+00:00","dateModified":"2024-12-21T10:55:20+00:00","breadcrumb":{"@id":"https:\/\/ep-arms.de\/en\/cart\/#breadcrumb"},"inLanguage":"en-US","potentialAction":[{"@type":"ReadAction","target":["https:\/\/ep-arms.de\/en\/cart\/"]}]},{"@type":"ImageObject","inLanguage":"en-US","@id":"https:\/\/ep-arms.de\/en\/cart\/#primaryimage","url":"https:\/\/ep-arms.de\/wp-content\/uploads\/2024\/11\/Rotoclip_GWA-420x420.png","contentUrl":"https:\/\/ep-arms.de\/wp-content\/uploads\/2024\/11\/Rotoclip_GWA-420x420.png"},{"@type":"BreadcrumbList","@id":"https:\/\/ep-arms.de\/en\/cart\/#breadcrumb","itemListElement":[{"@type":"ListItem","position":1,"name":"Startseite","item":"https:\/\/ep-arms.de\/en\/"},{"@type":"ListItem","position":2,"name":"Shopping cart"}]},{"@type":"WebSite","@id":"https:\/\/ep-arms.de\/en\/#website","url":"https:\/\/ep-arms.de\/en\/","name":"EP-Arms","description":"Ihr Partner f\u00fcr Outdoorbekleidung, Jagd- und Schie\u00dfsportausr\u00fcstung","publisher":{"@id":"https:\/\/ep-arms.de\/en\/#organization"},"potentialAction":[{"@type":"SearchAction","target":{"@type":"EntryPoint","urlTemplate":"https:\/\/ep-arms.de\/en\/?s={search_term_string}"},"query-input":{"@type":"PropertyValueSpecification","valueRequired":true,"valueName":"search_term_string"}}],"inLanguage":"en-US"},{"@type":"Organization","@id":"https:\/\/ep-arms.de\/en\/#organization","name":"EP-Arms","url":"https:\/\/ep-arms.de\/en\/","logo":{"@type":"ImageObject","inLanguage":"en-US","@id":"https:\/\/ep-arms.de\/en\/#\/schema\/logo\/image\/","url":"https:\/\/ep-arms.de\/wp-content\/uploads\/2024\/11\/Logo_schwarz_EP-Arms_Engel_DR-e1730543006192.png","contentUrl":"https:\/\/ep-arms.de\/wp-content\/uploads\/2024\/11\/Logo_schwarz_EP-Arms_Engel_DR-e1730543006192.png","width":400,"height":283,"caption":"EP-Arms"},"image":{"@id":"https:\/\/ep-arms.de\/en\/#\/schema\/logo\/image\/"},"sameAs":["https:\/\/www.facebook.com\/EPARMS","https:\/\/www.instagram.com\/ep.arms\/","https:\/\/www.youtube.com\/channel\/UCgwvfLYgEVsDtu48etWURhg"]}]}},"_links":{"self":[{"href":"https:\/\/ep-arms.de\/en\/wp-json\/wp\/v2\/pages\/431","targetHints":{"allow":["GET"]}}],"collection":[{"href":"https:\/\/ep-arms.de\/en\/wp-json\/wp\/v2\/pages"}],"about":[{"href":"https:\/\/ep-arms.de\/en\/wp-json\/wp\/v2\/types\/page"}],"author":[{"embeddable":true,"href":"https:\/\/ep-arms.de\/en\/wp-json\/wp\/v2\/users\/1"}],"replies":[{"embeddable":true,"href":"https:\/\/ep-arms.de\/en\/wp-json\/wp\/v2\/comments?post=431"}],"version-history":[{"count":4,"href":"https:\/\/ep-arms.de\/en\/wp-json\/wp\/v2\/pages\/431\/revisions"}],"predecessor-version":[{"id":3370,"href":"https:\/\/ep-arms.de\/en\/wp-json\/wp\/v2\/pages\/431\/revisions\/3370"}],"wp:attachment":[{"href":"https:\/\/ep-arms.de\/en\/wp-json\/wp\/v2\/media?parent=431"}],"curies":[{"name":"wp","href":"https:\/\/api.w.org\/{rel}","templated":true}]}}