{"id":4278,"date":"2025-08-17T09:23:14","date_gmt":"2025-08-17T09:23:14","guid":{"rendered":"https:\/\/ep-arms.de\/?post_type=product&#038;p=4278"},"modified":"2026-04-22T11:42:15","modified_gmt":"2026-04-22T11:42:15","slug":"rotoclip-zfhl-kopie","status":"publish","type":"product","link":"https:\/\/ep-arms.de\/en\/produkt\/rotoclip-zfhl-kopie\/","title":{"rendered":"RotoClip ZFHL (Kopie)"},"content":{"rendered":"<p style=\"font-weight: 400;\">The EP-Arms Rotoclip was specially developed for combination and standard hunting rifles.With a guaranteed repeat accuracy of +\/- 0.1 mm, it is the only adapter of its kind on the market.<\/p>\n<p style=\"font-weight: 400;\">The worldwide patent-pending system is characterized by clever features such as fine centering when inserting the threaded insert, the interrupted round thread and the half-shell clamping on the objective of the riflescope. Due to the very narrow range of 15 mm (short) &#8211; 25 mm (long), a combination with attachments is also possible, which no manufacturer on the market has been able to achieve to date.<\/p>\n<p style=\"font-weight: 400;\">Another significant advantage is the multiple use on different scopes without re-shooting (only initial adjustment necessary). An example: You have a riflescope with a 62 mm outer diameter and another one with a 56 mm outer diameter. All you need here is another adapter in the corresponding size of your riflescope and you can swap your device without removing the adapter.<\/p>\n<p style=\"font-weight: 400;\">Instructions for installation and commissioning:<\/p>\n<p style=\"font-weight: 400;\">The adapter is firmly attached to the lens of the riflescope with 4-6 M3 screws with a tightening force of 1.8 Nm. The adapter must be aligned before use. As before, this is done using the auxiliary cross of the attachment (thermal image). In the case of night vision devices, the manufacturer&#8217;s instructions must be observed (alignment of the switch e.g. 12 o&#8217;clock).<\/p>\n<p style=\"font-weight: 400;\">Once you have made the alignment, you can start test firing and correct the alignment of the adapter if necessary.<\/p>\n<p style=\"font-weight: 400;\">If you are satisfied with the result, you can now proceed in the same way on your second scope. Attention!!!! Please do not correct your thermal imaging camera again, but align your adapter so that the auxiliary cross matches your reticle, as with your first riflescope.<\/p>\n<p style=\"font-weight: 400;\">Shoot again and you will see that there are no significant deviations.<\/p>\n<p style=\"font-weight: 400;\">Please contact us if you have any further questions or problems.<\/p>\n","protected":false},"excerpt":{"rendered":"<p>The EP-Arms Rotoclip was specially developed for combination and standard hunting rifles.With a guaranteed repeat accuracy of +\/- 0.1 mm, it is the only adapter of its kind on the market. The worldwide patent-pending system is characterized by clever features such as fine centering when inserting the threaded insert, the interrupted round thread and the [&hellip;]<\/p>\n","protected":false},"featured_media":4381,"template":"","meta":{"_acf_changed":false},"product_cat":[193],"product_tag":[225],"class_list":{"0":"post-4278","1":"product","2":"type-product","3":"status-publish","4":"has-post-thumbnail","6":"product_cat-riflescope-holders-short","7":"product_tag-scope-holder","9":"first","10":"instock","11":"taxable","12":"shipping-taxable","13":"purchasable","14":"product-type-variable","15":"has-default-attributes","swatches":"rey-swatches","show_selected":""},"acf":[],"yoast_head":"<!-- This site is optimized with the Yoast SEO plugin v27.6 - https:\/\/yoast.com\/product\/yoast-seo-wordpress\/ -->\n<title>RotoClip ZFHL (Kopie) - EP-Arms<\/title>\n<meta name=\"description\" content=\"Innovative adapter for riflescopes: Precise repeat accuracy, perfect fit and robust workmanship for the highest demands in hunting use.\" \/>\n<meta name=\"robots\" content=\"index, follow, max-snippet:-1, max-image-preview:large, max-video-preview:-1\" \/>\n<link rel=\"canonical\" href=\"https:\/\/ep-arms.de\/en\/produkt\/rotoclip-zfhl-kopie\/\" \/>\n<meta property=\"og:locale\" content=\"en_US\" \/>\n<meta property=\"og:type\" content=\"article\" \/>\n<meta property=\"og:title\" content=\"RotoClip ZFHL (Kopie) - EP-Arms\" \/>\n<meta property=\"og:description\" content=\"Innovative adapter for riflescopes: Precise repeat accuracy, perfect fit and robust workmanship for the highest demands in hunting use.\" \/>\n<meta property=\"og:url\" content=\"https:\/\/ep-arms.de\/en\/produkt\/rotoclip-zfhl-kopie\/\" \/>\n<meta property=\"og:site_name\" content=\"EP-Arms\" \/>\n<meta property=\"article:publisher\" content=\"https:\/\/www.facebook.com\/EPARMS\" \/>\n<meta property=\"article:modified_time\" content=\"2026-04-22T11:42:15+00:00\" \/>\n<meta property=\"og:image\" content=\"https:\/\/ep-arms.de\/wp-content\/uploads\/2025\/08\/Varioclip-CAD-fuer-shop-2.jpg\" \/>\n\t<meta property=\"og:image:width\" content=\"1754\" \/>\n\t<meta property=\"og:image:height\" content=\"1240\" \/>\n\t<meta property=\"og:image:type\" content=\"image\/jpeg\" \/>\n<meta name=\"twitter:card\" content=\"summary_large_image\" \/>\n<meta name=\"twitter:label1\" content=\"Est. reading time\" \/>\n\t<meta name=\"twitter:data1\" content=\"2 minutes\" \/>\n<script type=\"application\/ld+json\" class=\"yoast-schema-graph\">{\"@context\":\"https:\\\/\\\/schema.org\",\"@graph\":[{\"@type\":\"WebPage\",\"@id\":\"https:\\\/\\\/ep-arms.de\\\/en\\\/produkt\\\/rotoclip-zfhl-kopie\\\/\",\"url\":\"https:\\\/\\\/ep-arms.de\\\/en\\\/produkt\\\/rotoclip-zfhl-kopie\\\/\",\"name\":\"RotoClip ZFHL (Kopie) - EP-Arms\",\"isPartOf\":{\"@id\":\"https:\\\/\\\/ep-arms.de\\\/en\\\/#website\"},\"primaryImageOfPage\":{\"@id\":\"https:\\\/\\\/ep-arms.de\\\/en\\\/produkt\\\/rotoclip-zfhl-kopie\\\/#primaryimage\"},\"image\":{\"@id\":\"https:\\\/\\\/ep-arms.de\\\/en\\\/produkt\\\/rotoclip-zfhl-kopie\\\/#primaryimage\"},\"thumbnailUrl\":\"https:\\\/\\\/ep-arms.de\\\/wp-content\\\/uploads\\\/2025\\\/08\\\/Varioclip-CAD-fuer-shop-2.jpg\",\"datePublished\":\"2025-08-17T09:23:14+00:00\",\"dateModified\":\"2026-04-22T11:42:15+00:00\",\"description\":\"Innovative adapter for riflescopes: Precise repeat accuracy, perfect fit and robust workmanship for the highest demands in hunting use.\",\"breadcrumb\":{\"@id\":\"https:\\\/\\\/ep-arms.de\\\/en\\\/produkt\\\/rotoclip-zfhl-kopie\\\/#breadcrumb\"},\"inLanguage\":\"en-US\",\"potentialAction\":[{\"@type\":\"ReadAction\",\"target\":[\"https:\\\/\\\/ep-arms.de\\\/en\\\/produkt\\\/rotoclip-zfhl-kopie\\\/\"]}]},{\"@type\":\"ImageObject\",\"inLanguage\":\"en-US\",\"@id\":\"https:\\\/\\\/ep-arms.de\\\/en\\\/produkt\\\/rotoclip-zfhl-kopie\\\/#primaryimage\",\"url\":\"https:\\\/\\\/ep-arms.de\\\/wp-content\\\/uploads\\\/2025\\\/08\\\/Varioclip-CAD-fuer-shop-2.jpg\",\"contentUrl\":\"https:\\\/\\\/ep-arms.de\\\/wp-content\\\/uploads\\\/2025\\\/08\\\/Varioclip-CAD-fuer-shop-2.jpg\",\"width\":1754,\"height\":1240},{\"@type\":\"BreadcrumbList\",\"@id\":\"https:\\\/\\\/ep-arms.de\\\/en\\\/produkt\\\/rotoclip-zfhl-kopie\\\/#breadcrumb\",\"itemListElement\":[{\"@type\":\"ListItem\",\"position\":1,\"name\":\"Startseite\",\"item\":\"https:\\\/\\\/ep-arms.de\\\/en\\\/\"},{\"@type\":\"ListItem\",\"position\":2,\"name\":\"Shop\",\"item\":\"https:\\\/\\\/ep-arms.de\\\/en\\\/shop\\\/\"},{\"@type\":\"ListItem\",\"position\":3,\"name\":\"RotoClip ZFHL (Kopie)\"}]},{\"@type\":\"WebSite\",\"@id\":\"https:\\\/\\\/ep-arms.de\\\/en\\\/#website\",\"url\":\"https:\\\/\\\/ep-arms.de\\\/en\\\/\",\"name\":\"EP-Arms\",\"description\":\"Ihr Partner f\u00fcr Outdoorbekleidung, Jagd- und Schie\u00dfsportausr\u00fcstung\",\"publisher\":{\"@id\":\"https:\\\/\\\/ep-arms.de\\\/en\\\/#organization\"},\"potentialAction\":[{\"@type\":\"SearchAction\",\"target\":{\"@type\":\"EntryPoint\",\"urlTemplate\":\"https:\\\/\\\/ep-arms.de\\\/en\\\/?s={search_term_string}\"},\"query-input\":{\"@type\":\"PropertyValueSpecification\",\"valueRequired\":true,\"valueName\":\"search_term_string\"}}],\"inLanguage\":\"en-US\"},{\"@type\":\"Organization\",\"@id\":\"https:\\\/\\\/ep-arms.de\\\/en\\\/#organization\",\"name\":\"EP-Arms\",\"url\":\"https:\\\/\\\/ep-arms.de\\\/en\\\/\",\"logo\":{\"@type\":\"ImageObject\",\"inLanguage\":\"en-US\",\"@id\":\"https:\\\/\\\/ep-arms.de\\\/en\\\/#\\\/schema\\\/logo\\\/image\\\/\",\"url\":\"https:\\\/\\\/ep-arms.de\\\/wp-content\\\/uploads\\\/2024\\\/11\\\/Logo_schwarz_EP-Arms_Engel_DR-e1730543006192.png\",\"contentUrl\":\"https:\\\/\\\/ep-arms.de\\\/wp-content\\\/uploads\\\/2024\\\/11\\\/Logo_schwarz_EP-Arms_Engel_DR-e1730543006192.png\",\"width\":400,\"height\":283,\"caption\":\"EP-Arms\"},\"image\":{\"@id\":\"https:\\\/\\\/ep-arms.de\\\/en\\\/#\\\/schema\\\/logo\\\/image\\\/\"},\"sameAs\":[\"https:\\\/\\\/www.facebook.com\\\/EPARMS\",\"https:\\\/\\\/www.instagram.com\\\/ep.arms\\\/\",\"https:\\\/\\\/www.youtube.com\\\/channel\\\/UCgwvfLYgEVsDtu48etWURhg\"]}]}<\/script>\n<!-- \/ Yoast SEO plugin. -->","yoast_head_json":{"title":"RotoClip ZFHL (Kopie) - EP-Arms","description":"Innovative adapter for riflescopes: Precise repeat accuracy, perfect fit and robust workmanship for the highest demands in hunting use.","robots":{"index":"index","follow":"follow","max-snippet":"max-snippet:-1","max-image-preview":"max-image-preview:large","max-video-preview":"max-video-preview:-1"},"canonical":"https:\/\/ep-arms.de\/en\/produkt\/rotoclip-zfhl-kopie\/","og_locale":"en_US","og_type":"article","og_title":"RotoClip ZFHL (Kopie) - EP-Arms","og_description":"Innovative adapter for riflescopes: Precise repeat accuracy, perfect fit and robust workmanship for the highest demands in hunting use.","og_url":"https:\/\/ep-arms.de\/en\/produkt\/rotoclip-zfhl-kopie\/","og_site_name":"EP-Arms","article_publisher":"https:\/\/www.facebook.com\/EPARMS","article_modified_time":"2026-04-22T11:42:15+00:00","og_image":[{"width":1754,"height":1240,"url":"https:\/\/ep-arms.de\/wp-content\/uploads\/2025\/08\/Varioclip-CAD-fuer-shop-2.jpg","type":"image\/jpeg"}],"twitter_card":"summary_large_image","twitter_misc":{"Est. reading time":"2 minutes"},"schema":{"@context":"https:\/\/schema.org","@graph":[{"@type":"WebPage","@id":"https:\/\/ep-arms.de\/en\/produkt\/rotoclip-zfhl-kopie\/","url":"https:\/\/ep-arms.de\/en\/produkt\/rotoclip-zfhl-kopie\/","name":"RotoClip ZFHL (Kopie) - EP-Arms","isPartOf":{"@id":"https:\/\/ep-arms.de\/en\/#website"},"primaryImageOfPage":{"@id":"https:\/\/ep-arms.de\/en\/produkt\/rotoclip-zfhl-kopie\/#primaryimage"},"image":{"@id":"https:\/\/ep-arms.de\/en\/produkt\/rotoclip-zfhl-kopie\/#primaryimage"},"thumbnailUrl":"https:\/\/ep-arms.de\/wp-content\/uploads\/2025\/08\/Varioclip-CAD-fuer-shop-2.jpg","datePublished":"2025-08-17T09:23:14+00:00","dateModified":"2026-04-22T11:42:15+00:00","description":"Innovative adapter for riflescopes: Precise repeat accuracy, perfect fit and robust workmanship for the highest demands in hunting use.","breadcrumb":{"@id":"https:\/\/ep-arms.de\/en\/produkt\/rotoclip-zfhl-kopie\/#breadcrumb"},"inLanguage":"en-US","potentialAction":[{"@type":"ReadAction","target":["https:\/\/ep-arms.de\/en\/produkt\/rotoclip-zfhl-kopie\/"]}]},{"@type":"ImageObject","inLanguage":"en-US","@id":"https:\/\/ep-arms.de\/en\/produkt\/rotoclip-zfhl-kopie\/#primaryimage","url":"https:\/\/ep-arms.de\/wp-content\/uploads\/2025\/08\/Varioclip-CAD-fuer-shop-2.jpg","contentUrl":"https:\/\/ep-arms.de\/wp-content\/uploads\/2025\/08\/Varioclip-CAD-fuer-shop-2.jpg","width":1754,"height":1240},{"@type":"BreadcrumbList","@id":"https:\/\/ep-arms.de\/en\/produkt\/rotoclip-zfhl-kopie\/#breadcrumb","itemListElement":[{"@type":"ListItem","position":1,"name":"Startseite","item":"https:\/\/ep-arms.de\/en\/"},{"@type":"ListItem","position":2,"name":"Shop","item":"https:\/\/ep-arms.de\/en\/shop\/"},{"@type":"ListItem","position":3,"name":"RotoClip ZFHL (Kopie)"}]},{"@type":"WebSite","@id":"https:\/\/ep-arms.de\/en\/#website","url":"https:\/\/ep-arms.de\/en\/","name":"EP-Arms","description":"Ihr Partner f\u00fcr Outdoorbekleidung, Jagd- und Schie\u00dfsportausr\u00fcstung","publisher":{"@id":"https:\/\/ep-arms.de\/en\/#organization"},"potentialAction":[{"@type":"SearchAction","target":{"@type":"EntryPoint","urlTemplate":"https:\/\/ep-arms.de\/en\/?s={search_term_string}"},"query-input":{"@type":"PropertyValueSpecification","valueRequired":true,"valueName":"search_term_string"}}],"inLanguage":"en-US"},{"@type":"Organization","@id":"https:\/\/ep-arms.de\/en\/#organization","name":"EP-Arms","url":"https:\/\/ep-arms.de\/en\/","logo":{"@type":"ImageObject","inLanguage":"en-US","@id":"https:\/\/ep-arms.de\/en\/#\/schema\/logo\/image\/","url":"https:\/\/ep-arms.de\/wp-content\/uploads\/2024\/11\/Logo_schwarz_EP-Arms_Engel_DR-e1730543006192.png","contentUrl":"https:\/\/ep-arms.de\/wp-content\/uploads\/2024\/11\/Logo_schwarz_EP-Arms_Engel_DR-e1730543006192.png","width":400,"height":283,"caption":"EP-Arms"},"image":{"@id":"https:\/\/ep-arms.de\/en\/#\/schema\/logo\/image\/"},"sameAs":["https:\/\/www.facebook.com\/EPARMS","https:\/\/www.instagram.com\/ep.arms\/","https:\/\/www.youtube.com\/channel\/UCgwvfLYgEVsDtu48etWURhg"]}]}},"wcpa_form_fields":null,"_links":{"self":[{"href":"https:\/\/ep-arms.de\/en\/wp-json\/wp\/v2\/product\/4278","targetHints":{"allow":["GET"]}}],"collection":[{"href":"https:\/\/ep-arms.de\/en\/wp-json\/wp\/v2\/product"}],"about":[{"href":"https:\/\/ep-arms.de\/en\/wp-json\/wp\/v2\/types\/product"}],"wp:featuredmedia":[{"embeddable":true,"href":"https:\/\/ep-arms.de\/en\/wp-json\/wp\/v2\/media\/4381"}],"wp:attachment":[{"href":"https:\/\/ep-arms.de\/en\/wp-json\/wp\/v2\/media?parent=4278"}],"wp:term":[{"taxonomy":"product_cat","embeddable":true,"href":"https:\/\/ep-arms.de\/en\/wp-json\/wp\/v2\/product_cat?post=4278"},{"taxonomy":"product_tag","embeddable":true,"href":"https:\/\/ep-arms.de\/en\/wp-json\/wp\/v2\/product_tag?post=4278"}],"curies":[{"name":"wp","href":"https:\/\/api.w.org\/{rel}","templated":true}]}}